{"id":14,"date":"2014-02-27T20:24:30","date_gmt":"2014-02-27T20:24:30","guid":{"rendered":"http:\/\/carandellart.com\/?page_id=14"},"modified":"2024-10-25T12:02:38","modified_gmt":"2024-10-25T12:02:38","slug":"quienes-somos","status":"publish","type":"page","link":"https:\/\/carandellart.com\/?page_id=14","title":{"rendered":"Quienes somos"},"content":{"rendered":"<p style=\"text-align: left;\"><span style=\"color: #000000;\"><strong><div class=\"att-one-third att-column-first\">\n<span style=\"color: #333333;\">1. Quienes somos<\/span><\/strong><\/span><br \/>\nDespu\u00e9s de m\u00e1s de 100 a\u00f1os de experiencia en el mundo de la forja y la fundici\u00f3n, Carandell Art\u00a0tiene el gusto de poner en consideraci\u00f3n una selecci\u00f3n de esculturas en hierro y bronce de distintos tama\u00f1os.<br \/>\nTodas las esculturas han sido seleccionadas cuidadosamente\u00a0para que puedan ocupar un lugar destacado en\u00a0el entorno escogido: jardines, calles, oficinas,\u00a0hoteles, viviendas, escuelas\u2026<br \/>\nLa ilusi\u00f3n del equipo de Carandell Art es fomentar\u00a0la instalaci\u00f3n de elementos art\u00edsticos,\u00a0tanto en\u00a0espacios p\u00fablicos como privados y transformarlos en entornos \u00fanicos.<br \/>\nLa incorporaci\u00f3n de una obra escult\u00f3rica en un escenario determinado, tiene la habilidad de alterar el espacio f\u00edsico que ocupa y las relaciones que los ciudadanos establecer\u00e1n en\u00a0dicho lugar.<br \/>\nALGUNA COSA CAMBIA CUANDO ESTAMOS RODEADOS DE BELLEZA.<br \/>\n<strong><\/div><\/strong><\/p>\n<p style=\"text-align: left;\"><strong><div class=\"att-one-third att-column-second\">\n<\/strong><span style=\"color: #333333;\"><a href=\"http:\/\/carandellart.com\/?post_type=portfolio\"><span style=\"color: #333333;\"><strong>2. Obra escult\u00f3rica<\/strong><\/span><\/a><\/span><br \/>\n<strong>2.1. Fondo de arte a la venta<\/strong><br \/>\nCarandell Art dispone de un FONDO DE ARTE contempor\u00e1neo formado por obras escult\u00f3ricas de varios artistas que se ampl\u00eda cada a\u00f1o. Se trata mayoritariamente de esculturas de formato mediano destinadas a cualquier tipo de espacio.<br \/>\nPara que el cliente pueda apreciar in situ la calidad de los materiales (principalmente hierro y bronce) y pueda percibir la exquisitez de sus formas y acabados, todas las esculturas est\u00e1n expuestas en el\u00a0<i>show room<\/i>\u00a0de las instalaciones de Carandell Art en el edificio Ter de Manlleu (Barcelona).<br \/>\nSe trata de series limitadas de diferente tem\u00e1tica, dise\u00f1adas y creadas por j\u00f3venes artistas y a un precio muy razonable.<\/p>\n<p style=\"text-align: left;\"><strong>2.2. Fondo de arte en cesi\u00f3n<\/strong><br \/>\nCarandell Art pone las esculturas de su fondo art\u00edstico a disposici\u00f3n de entidades p\u00fablicas y privadas para que sean expuestas en car\u00e1cter de cesi\u00f3n o alquiler.<br \/>\nEl equipo de Carandell Art asesora a los clientes a escoger la escultura que mejor se adapta a sus necesidades, seg\u00fan el lugar donde se ubicar\u00e1 y el mensaje que se quiera transmitir.<br \/>\n<\/div>\n<div class=\"att-one-third att-column-last\">\n<p style=\"text-align: left;\"><div id=\"wpgmza_map\" class=\"wpgmza_map\" data-settings='{\"id\":\"1\",\"map_title\":\"Quienes somos\",\"map_width\":\"100\",\"map_height\":\"400\",\"map_start_lat\":\"41.98173036057186\",\"map_start_lng\":\"2.23850148496215\",\"map_start_location\":\"45.950464398418106,-109.81550500000003\",\"map_start_zoom\":\"11\",\"default_marker\":\"\",\"type\":\"1\",\"alignment\":\"4\",\"directions_enabled\":\"0\",\"styling_enabled\":\"0\",\"styling_json\":\"\",\"active\":\"0\",\"kml\":\"\",\"bicycle\":\"0\",\"traffic\":\"0\",\"dbox\":\"0\",\"dbox_width\":\"\",\"listmarkers\":\"0\",\"listmarkers_advanced\":\"0\",\"filterbycat\":\"0\",\"ugm_enabled\":\"0\",\"ugm_category_enabled\":\"0\",\"fusion\":\"\",\"map_width_type\":\"%\",\"map_height_type\":\"px\",\"mass_marker_support\":\"0\",\"ugm_access\":\"0\",\"order_markers_by\":\"0\",\"order_markers_choice\":\"0\",\"show_user_location\":\"0\",\"default_to\":\"\",\"other_settings\":{\"map_type\":1,\"sl_stroke_color\":\"\",\"sl_fill_color\":\"\",\"sl_stroke_opacity\":\"\",\"sl_fill_opacity\":\"\",\"transport_layer\":false,\"action\":\"wpgmza_save_map\",\"redirect_to\":\"\\\/wp-admin\\\/admin-post.php\",\"map_id\":\"1\",\"http_referer\":\"\\\/wp-admin\\\/admin.php?page=wp-google-maps-menu&amp;amp;action=edit&amp;amp;map_id=1\",\"wpgmza_id\":\"1\",\"wpgmza_start_location\":\"41.98173036057186,2.23850148496215\",\"wpgmza_start_zoom\":\"11\",\"wpgmza_theme_data\":\"\",\"store_locator_enabled\":false,\"store_locator_search_area\":\"radial\",\"wpgmza_store_locator_radius_style\":\"legacy\",\"wpgmza_store_locator_default_radius\":\"10\",\"store_locator_auto_area_max_zoom\":\"\",\"store_locator_distance\":false,\"wpgmza_store_locator_position\":false,\"store_locator_show_distance\":false,\"store_locator_category\":false,\"wpgmza_store_locator_use_their_location\":false,\"wpgmza_store_locator_bounce\":false,\"wpgmza_sl_animation\":null,\"wpgmza_store_locator_hide_before_search\":false,\"store_locator_query_string\":\"\",\"store_locator_location_placeholder\":\"\",\"store_locator_default_address\":\"\",\"store_locator_name_search\":false,\"store_locator_name_string\":\"\",\"store_locator_not_found_message\":\"\",\"wpgmza_map_align\":\"1\",\"jump_to_nearest_marker_on_initialization\":false,\"automatically_pan_to_users_location\":false,\"override_users_location_zoom_level\":false,\"override_users_location_zoom_levels\":\"\",\"show_distance_from_location\":false,\"map_max_zoom\":\"21\",\"map_min_zoom\":\"0\",\"click_open_link\":false,\"fit_maps_bounds_to_markers\":false,\"fit_maps_bounds_to_markers_after_filtering\":false,\"hide_point_of_interest\":false,\"wpgmza_zoom_on_marker_click\":false,\"wpgmza_zoom_on_marker_click_slider\":\"\",\"close_infowindow_on_map_click\":false,\"disable_lightbox_images\":false,\"use_Raw_Jpeg_Coordinates\":false,\"polygon_labels\":false,\"disable_polygon_info_windows\":false,\"enable_marker_ratings\":false,\"enable_marker_labels\":false,\"only_load_markers_within_viewport\":false,\"zoom_level_mobile_override_enabled\":false,\"zoom_level_mobile_override\":\"\",\"iw_primary_color\":\"#000000\",\"iw_accent_color\":\"#000000\",\"iw_text_color\":\"#000000\",\"wpgmza_listmarkers_by\":\"0\",\"wpgmza_marker_listing_position\":false,\"wpgmza_push_in_map\":false,\"wpgmza_push_in_map_placement\":null,\"wpgmza_push_in_map_width\":\"\",\"wpgmza_push_in_map_height\":\"\",\"zoom_level_on_marker_listing_override\":false,\"zoom_level_on_marker_listing_click\":\"\",\"marker_listing_disable_zoom\":false,\"datatable_no_result_message\":\"\",\"remove_search_box_datables\":false,\"dataTable_pagination_style\":null,\"datatable_search_string\":\"\",\"datatable_result_start\":\"\",\"datatable_result_of\":\"\",\"datatable_result_to\":\"\",\"datatable_result_total\":\"\",\"datatable_result_show\":\"\",\"datatable_result_entries\":\"\",\"wpgmza_savemap\":\"Guardar Mapa \\u00bb\"}}' data-map-id='1' Data-maps-engine='google-maps' data-shortcode-attributes='{\"id\":\"1\"}' style=\"display:block; overflow:auto; width:100%; height:400px; float:left;\"><\/div>\n<p>Via Auset\u00e0nia 11, 08560, Manlleu<br \/>\n<\/div>\n","protected":false},"excerpt":{"rendered":"","protected":false},"author":1,"featured_media":0,"parent":0,"menu_order":0,"comment_status":"closed","ping_status":"closed","template":"templates\/fullwidth.php","meta":[],"_links":{"self":[{"href":"https:\/\/carandellart.com\/index.php?rest_route=\/wp\/v2\/pages\/14"}],"collection":[{"href":"https:\/\/carandellart.com\/index.php?rest_route=\/wp\/v2\/pages"}],"about":[{"href":"https:\/\/carandellart.com\/index.php?rest_route=\/wp\/v2\/types\/page"}],"author":[{"embeddable":true,"href":"https:\/\/carandellart.com\/index.php?rest_route=\/wp\/v2\/users\/1"}],"replies":[{"embeddable":true,"href":"https:\/\/carandellart.com\/index.php?rest_route=%2Fwp%2Fv2%2Fcomments&post=14"}],"version-history":[{"count":55,"href":"https:\/\/carandellart.com\/index.php?rest_route=\/wp\/v2\/pages\/14\/revisions"}],"predecessor-version":[{"id":984,"href":"https:\/\/carandellart.com\/index.php?rest_route=\/wp\/v2\/pages\/14\/revisions\/984"}],"wp:attachment":[{"href":"https:\/\/carandellart.com\/index.php?rest_route=%2Fwp%2Fv2%2Fmedia&parent=14"}],"curies":[{"name":"wp","href":"https:\/\/api.w.org\/{rel}","templated":true}]}}