{"id":20,"date":"2014-02-27T20:25:26","date_gmt":"2014-02-27T20:25:26","guid":{"rendered":"http:\/\/carandellart.com\/?page_id=20"},"modified":"2014-03-26T17:55:06","modified_gmt":"2014-03-26T17:55:06","slug":"proyectos-realizados","status":"publish","type":"page","link":"https:\/\/carandellart.com\/?page_id=20","title":{"rendered":"Proyectos realizados"},"content":{"rendered":"<div class=\"zilla-one-half\"> <div data-id='open' class=\"zilla-toggle\"><span class=\"zilla-toggle-title\"><strong>Instalaci\u00f3n de escultura p\u00fablica en Venezuela<\/strong><\/span><div class=\"zilla-toggle-inner\">Instalaci\u00f3n de escultura urbana a Caracas, Venezuela.<br \/>\nLa instalaci\u00f3n forma parte de la remodelaci\u00f3n de una de las avenidas m\u00e1s importantes de la ciudad, esta situada en el paseo peatonal del <a href=\"http:\/\/www.sabanagrandeonline.com\/site\/\">Boulevard Sabana Grande<\/a>.  <\/p>\n<p><a href=\"http:\/\/carandellart.com\/?attachment_id=302\" rel=\"attachment wp-att-302\"><img decoding=\"async\" loading=\"lazy\" class=\"alignnone size-full wp-image-302\" alt=\"1.Venezuela\" src=\"http:\/\/carandellart.com\/wp-content\/uploads\/2014\/02\/1.Venezuela.jpg\" width=\"290\" height=\"351\" \/><\/a><\/div><\/div> <\/div>\n<div class=\"zilla-one-half zilla-column-last\"> <div data-id='open' class=\"zilla-toggle\"><span class=\"zilla-toggle-title\"><strong>Presentaci\u00f3n de 2 nuevas esculturas en Linyola, Barcelona<\/strong><\/span><div class=\"zilla-toggle-inner\">Instalaci\u00f3n de dos esculturas para la poblaci\u00f3n de Linyola en Barcelona.<br \/>\nUna de les esculturas es un homenaje a las v\u00edctimas de la Guerra Civil, obra de Caty Huam\u00e1n.<br \/>\nLa segunda escultura, tambi\u00e9n instalada en el municipio de Linyola es una homenaje a la mujer.<\/p>\n<p><a href=\"http:\/\/carandellart.com\/?attachment_id=304\" rel=\"attachment wp-att-304\"><img decoding=\"async\" loading=\"lazy\" class=\"alignnone size-full wp-image-304\" alt=\"2.linyola-dona\" src=\"http:\/\/carandellart.com\/wp-content\/uploads\/2014\/02\/2.linyola-dona.jpg\" width=\"387\" height=\"290\" \/><\/a><\/div><\/div> <\/div><div class=\"clear\"><\/div>\n<div class=\"zilla-one-half\"> <div data-id='closed' class=\"zilla-toggle\"><span class=\"zilla-toggle-title\"><strong>Instalaci\u00f3n de la escultura de Teresa Riba en Canovelles<\/strong><\/span><div class=\"zilla-toggle-inner\">Inauguraci\u00f3n del <a href=\"http:\/\/www.canovelles.cat\/actualitat\/noticies\/2011\/02\/14\/el-dissabte-26-de-febrer-a-les-11-del-mati-s-inaugura-el-nou-espai-social-la-quitxalla\">\u201cParc de la Quitxalla\u201d<\/a> en Canovelles, en el cual hemos tenido la oportunidad de instalar una escultura de la autora Teresa Riba. <\/p>\n<p><a href=\"http:\/\/carandellart.com\/?attachment_id=308\" rel=\"attachment wp-att-308\"><img decoding=\"async\" loading=\"lazy\" class=\"alignnone size-full wp-image-308\" alt=\"3.parc-quitxalla\" src=\"http:\/\/carandellart.com\/wp-content\/uploads\/2014\/02\/3.parc-quitxalla.jpg\" width=\"290\" height=\"356\" \/><\/a><\/div><\/div> <\/div>\n<div class=\"zilla-one-half zilla-column-last\"> <div data-id='closed' class=\"zilla-toggle\"><span class=\"zilla-toggle-title\"><strong>Canovelles convierte la calle Ind\u00fastria en un espacio singular<\/strong><\/span><div class=\"zilla-toggle-inner\">Gracias a la instalaci\u00f3n de obra escult\u00f3rica, la calle Ind\u00fastria en Canovelles se convierte en un espacio \u00fanico, vivo y po\u00e9tico.<br \/>\nEn concreto se han instalado tres esculturas, obras que representan situaciones cotidianas a pie de calle. Se trata de esculturas de bronce que igual que los viandantes participan del espacio publico. A trav\u00e9s de su presencia consiguen transformar el entorno en un lugar singular.<\/p>\n<p><a href=\"http:\/\/carandellart.com\/?attachment_id=309\" rel=\"attachment wp-att-309\"><img decoding=\"async\" loading=\"lazy\" class=\"alignnone size-medium wp-image-309\" alt=\"4.canovelles\" src=\"http:\/\/carandellart.com\/wp-content\/uploads\/2014\/02\/4.canovelles-400x300.jpg\" width=\"400\" height=\"300\" srcset=\"https:\/\/carandellart.com\/wp-content\/uploads\/2014\/02\/4.canovelles-400x300.jpg 400w, https:\/\/carandellart.com\/wp-content\/uploads\/2014\/02\/4.canovelles.jpg 480w\" sizes=\"(max-width: 400px) 100vw, 400px\" \/><\/a><\/div><\/div> <\/div><div class=\"clear\"><\/div>\n<div class=\"zilla-one-half zilla-column-last\"> <div data-id='closed' class=\"zilla-toggle\"><span class=\"zilla-toggle-title\"><strong>\u201cCam\u00ed de la F\u00e0brica\u201d El conjunto escult\u00f3rico instalado en el Prat del Llobregat<\/strong><\/span><div class=\"zilla-toggle-inner\">La obra titulada \u201cCam\u00ed de la F\u00e0brica\u201d de la autora Teresa Riba se trata de un homenaje al movimiento obrero.<br \/>\nLa obra escult\u00f3rica estar\u00e1 ubicada en la carretera de la Marina, uno de los  principales puntos de la poblaci\u00f3n.<br \/>\nLas esculturas han sido realizadas en bronce, material que permite mantener una textura i una huella \u00fanica en cada obra escult\u00f3rica.<br \/>\nUna vez m\u00e1s, Teresa Riba pone de manifiesto su inter\u00e9s para representar la frescura del movimiento y captar la instant\u00e1nea. <\/p>\n<p><a href=\"http:\/\/carandellart.com\/?attachment_id=312\" rel=\"attachment wp-att-312\"><img decoding=\"async\" loading=\"lazy\" class=\"alignnone size-medium wp-image-312\" alt=\"5.camidelafabrica\" src=\"http:\/\/carandellart.com\/wp-content\/uploads\/2014\/02\/5.camidelafabrica-266x400.jpg\" width=\"266\" height=\"400\" srcset=\"https:\/\/carandellart.com\/wp-content\/uploads\/2014\/02\/5.camidelafabrica-266x400.jpg 266w, https:\/\/carandellart.com\/wp-content\/uploads\/2014\/02\/5.camidelafabrica.jpg 510w\" sizes=\"(max-width: 266px) 100vw, 266px\" \/><\/a><\/p>\n<\/div><\/div> <\/div><div class=\"clear\"><\/div>\n","protected":false},"excerpt":{"rendered":"","protected":false},"author":1,"featured_media":0,"parent":0,"menu_order":0,"comment_status":"open","ping_status":"open","template":"templates\/fullwidth.php","meta":[],"_links":{"self":[{"href":"https:\/\/carandellart.com\/index.php?rest_route=\/wp\/v2\/pages\/20"}],"collection":[{"href":"https:\/\/carandellart.com\/index.php?rest_route=\/wp\/v2\/pages"}],"about":[{"href":"https:\/\/carandellart.com\/index.php?rest_route=\/wp\/v2\/types\/page"}],"author":[{"embeddable":true,"href":"https:\/\/carandellart.com\/index.php?rest_route=\/wp\/v2\/users\/1"}],"replies":[{"embeddable":true,"href":"https:\/\/carandellart.com\/index.php?rest_route=%2Fwp%2Fv2%2Fcomments&post=20"}],"version-history":[{"count":63,"href":"https:\/\/carandellart.com\/index.php?rest_route=\/wp\/v2\/pages\/20\/revisions"}],"predecessor-version":[{"id":470,"href":"https:\/\/carandellart.com\/index.php?rest_route=\/wp\/v2\/pages\/20\/revisions\/470"}],"wp:attachment":[{"href":"https:\/\/carandellart.com\/index.php?rest_route=%2Fwp%2Fv2%2Fmedia&parent=20"}],"curies":[{"name":"wp","href":"https:\/\/api.w.org\/{rel}","templated":true}]}}